{"id":1991,"date":"2020-12-12T12:04:33","date_gmt":"2020-12-12T12:04:33","guid":{"rendered":"https:\/\/www.norahome.es\/?post_type=product&#038;p=1991"},"modified":"2026-01-20T07:08:30","modified_gmt":"2026-01-20T07:08:30","slug":"relleno-nordico-edredon-oslo-fibra-400-gr-m%c2%b2-hipoalergenico-anti-acaros-anti-bacterias-nivel-termico-alto","status":"publish","type":"product","link":"https:\/\/www.norahome.es\/ca\/producto\/relleno-nordico-edredon-oslo-fibra-400-gr-m%c2%b2-hipoalergenico-anti-acaros-anti-bacterias-nivel-termico-alto\/","title":{"rendered":"Relleno N\u00f3rdico Edred\u00f3n OSLO Fibra 400 gr\/m\u00b2. Hipoalerg\u00e9nico. Anti \u00e1caros. Anti bacterias. Nivel T\u00e9rmico Alto."},"content":{"rendered":"<ul class=\"a-unordered-list a-vertical a-spacing-mini\">\n<li><span class=\"a-list-item\">Relleno N\u00f3rdico de fibra hueca siliconada en color Blanco. Densidad 400 gr\/m\u00b2. Nivel t\u00e9rmico 4,5\/5, ideal para invierno y zona de frio.<\/span><\/li>\n<li><span class=\"a-list-item\">EXTERIOR: 100% microfibra de alta calidad acabado con tacto seda.<\/span><\/li>\n<li><span class=\"a-list-item\">RELLENO: 100% Fibra hueca siliconada de 400 gr\/m\u00b2 calidad 3D de gran volumen. Transpirable, Tratamiento Anti \u00e1caros, Hipoalerg\u00e9nico, Anti bacterias.<\/span><\/li>\n<li>Certificado OEKO-TEX STANDARD 100<\/li>\n<li><span class=\"a-list-item\">Mantenimiento: Ahuecar y airear el relleno peri\u00f3dicamente.<\/span><\/li>\n<li><span class=\"a-list-item\">Lavable a m\u00e1quina siguiendo las instrucciones de lavado del fabricante<\/span><\/li>\n<\/ul>\n","protected":false},"excerpt":{"rendered":"<p>Relleno N\u00f3rdico de fibra hueca siliconada en color Blanco. Densidad 400 gr\/m\u00b2. Nivel t\u00e9rmico 4\/5, ideal para oto\u00f1o &#8211; invierno.<br \/>\nEXTERIOR: 100% microfibra de alta calidad acabado con tacto seda.<br \/>\nRELLENO: 100% Fibra hueca siliconada de 400 gr\/m\u00b2 calidad 3D de gran volumen. Transpirable, Tratamiento Anti \u00e1caros, Hipoalerg\u00e9nico, Anti bacterias.<\/p>\n","protected":false},"featured_media":2073,"comment_status":"open","ping_status":"closed","template":"","meta":{"_acf_changed":false},"product_brand":[],"product_cat":[69,74],"product_tag":[277,132,134,135,137,152,364,131,108,368,104,367,365,190,366],"class_list":{"0":"post-1991","1":"product","2":"type-product","3":"status-publish","4":"has-post-thumbnail","6":"product_cat-rellenos-nordicos","7":"product_cat-rellenos-nordicos-2","8":"product_tag-277","9":"product_tag-132","10":"product_tag-134","11":"product_tag-135","12":"product_tag-137","13":"product_tag-152","14":"product_tag-364","15":"product_tag-131","16":"product_tag-blanco","17":"product_tag-fibra","18":"product_tag-gramos","19":"product_tag-lavable","20":"product_tag-microfibra","21":"product_tag-relleno-nordico","22":"product_tag-termico","24":"first","25":"instock","26":"sale","27":"shipping-taxable","28":"purchasable","29":"product-type-variable","30":"has-default-attributes"},"acf":[],"yoast_head":"<!-- This site is optimized with the Yoast SEO plugin v25.8 - https:\/\/yoast.com\/wordpress\/plugins\/seo\/ -->\n<title>Relleno N\u00f3rdico Edred\u00f3n OSLO Fibra 400 gr\/m\u00b2. Hipoalerg\u00e9nico. Anti \u00e1caros. Anti bacterias. Nivel T\u00e9rmico Alto. - Nora Home<\/title>\n<meta name=\"robots\" content=\"index, follow, max-snippet:-1, max-image-preview:large, max-video-preview:-1\" \/>\n<link rel=\"canonical\" href=\"https:\/\/www.norahome.es\/producto\/relleno-nordico-edredon-oslo-fibra-400-gr-m\u00b2-hipoalergenico-anti-acaros-anti-bacterias-nivel-termico-alto\/\" \/>\n<meta property=\"og:locale\" content=\"ca_ES\" \/>\n<meta property=\"og:type\" content=\"article\" \/>\n<meta property=\"og:title\" content=\"Relleno N\u00f3rdico Edred\u00f3n OSLO Fibra 400 gr\/m\u00b2. Hipoalerg\u00e9nico. Anti \u00e1caros. Anti bacterias. Nivel T\u00e9rmico Alto. - Nora Home\" \/>\n<meta property=\"og:description\" content=\"Relleno N\u00f3rdico de fibra hueca siliconada en color Blanco. Densidad 400 gr\/m\u00b2. Nivel t\u00e9rmico 4\/5, ideal para oto\u00f1o - invierno. EXTERIOR: 100% microfibra de alta calidad acabado con tacto seda. RELLENO: 100% Fibra hueca siliconada de 400 gr\/m\u00b2 calidad 3D de gran volumen. Transpirable, Tratamiento Anti \u00e1caros, Hipoalerg\u00e9nico, Anti bacterias.\" \/>\n<meta property=\"og:url\" content=\"https:\/\/www.norahome.es\/producto\/relleno-nordico-edredon-oslo-fibra-400-gr-m\u00b2-hipoalergenico-anti-acaros-anti-bacterias-nivel-termico-alto\/\" \/>\n<meta property=\"og:site_name\" content=\"Nora Home\" \/>\n<meta property=\"article:modified_time\" content=\"2026-01-20T07:08:30+00:00\" \/>\n<meta property=\"og:image\" content=\"https:\/\/www.norahome.es\/wp-content\/uploads\/2020\/12\/51Vq17h3YML._AC_SL1000_.jpg\" \/>\n\t<meta property=\"og:image:width\" content=\"1000\" \/>\n\t<meta property=\"og:image:height\" content=\"1000\" \/>\n\t<meta property=\"og:image:type\" content=\"image\/jpeg\" \/>\n<meta name=\"twitter:card\" content=\"summary_large_image\" \/>\n<meta name=\"twitter:label1\" content=\"Temps estimat de lectura\" \/>\n\t<meta name=\"twitter:data1\" content=\"1 minut\" \/>\n<script type=\"application\/ld+json\" class=\"yoast-schema-graph\">{\"@context\":\"https:\/\/schema.org\",\"@graph\":[{\"@type\":\"WebPage\",\"@id\":\"https:\/\/www.norahome.es\/producto\/relleno-nordico-edredon-oslo-fibra-400-gr-m%c2%b2-hipoalergenico-anti-acaros-anti-bacterias-nivel-termico-alto\/\",\"url\":\"https:\/\/www.norahome.es\/producto\/relleno-nordico-edredon-oslo-fibra-400-gr-m%c2%b2-hipoalergenico-anti-acaros-anti-bacterias-nivel-termico-alto\/\",\"name\":\"Relleno N\u00f3rdico Edred\u00f3n OSLO Fibra 400 gr\/m\u00b2. Hipoalerg\u00e9nico. Anti \u00e1caros. Anti bacterias. Nivel T\u00e9rmico Alto. - Nora Home\",\"isPartOf\":{\"@id\":\"https:\/\/www.norahome.es\/#website\"},\"primaryImageOfPage\":{\"@id\":\"https:\/\/www.norahome.es\/producto\/relleno-nordico-edredon-oslo-fibra-400-gr-m%c2%b2-hipoalergenico-anti-acaros-anti-bacterias-nivel-termico-alto\/#primaryimage\"},\"image\":{\"@id\":\"https:\/\/www.norahome.es\/producto\/relleno-nordico-edredon-oslo-fibra-400-gr-m%c2%b2-hipoalergenico-anti-acaros-anti-bacterias-nivel-termico-alto\/#primaryimage\"},\"thumbnailUrl\":\"https:\/\/www.norahome.es\/wp-content\/uploads\/2020\/12\/51Vq17h3YML._AC_SL1000_.jpg\",\"datePublished\":\"2020-12-12T12:04:33+00:00\",\"dateModified\":\"2026-01-20T07:08:30+00:00\",\"breadcrumb\":{\"@id\":\"https:\/\/www.norahome.es\/producto\/relleno-nordico-edredon-oslo-fibra-400-gr-m%c2%b2-hipoalergenico-anti-acaros-anti-bacterias-nivel-termico-alto\/#breadcrumb\"},\"inLanguage\":\"ca\",\"potentialAction\":[{\"@type\":\"ReadAction\",\"target\":[\"https:\/\/www.norahome.es\/producto\/relleno-nordico-edredon-oslo-fibra-400-gr-m%c2%b2-hipoalergenico-anti-acaros-anti-bacterias-nivel-termico-alto\/\"]}]},{\"@type\":\"ImageObject\",\"inLanguage\":\"ca\",\"@id\":\"https:\/\/www.norahome.es\/producto\/relleno-nordico-edredon-oslo-fibra-400-gr-m%c2%b2-hipoalergenico-anti-acaros-anti-bacterias-nivel-termico-alto\/#primaryimage\",\"url\":\"https:\/\/www.norahome.es\/wp-content\/uploads\/2020\/12\/51Vq17h3YML._AC_SL1000_.jpg\",\"contentUrl\":\"https:\/\/www.norahome.es\/wp-content\/uploads\/2020\/12\/51Vq17h3YML._AC_SL1000_.jpg\",\"width\":1000,\"height\":1000},{\"@type\":\"BreadcrumbList\",\"@id\":\"https:\/\/www.norahome.es\/producto\/relleno-nordico-edredon-oslo-fibra-400-gr-m%c2%b2-hipoalergenico-anti-acaros-anti-bacterias-nivel-termico-alto\/#breadcrumb\",\"itemListElement\":[{\"@type\":\"ListItem\",\"position\":1,\"name\":\"Portada\",\"item\":\"https:\/\/www.norahome.es\/\"},{\"@type\":\"ListItem\",\"position\":2,\"name\":\"Shop\",\"item\":\"https:\/\/www.norahome.es\/ca\/shop\/\"},{\"@type\":\"ListItem\",\"position\":3,\"name\":\"Relleno N\u00f3rdico Edred\u00f3n OSLO Fibra 400 gr\/m\u00b2. Hipoalerg\u00e9nico. Anti \u00e1caros. Anti bacterias. Nivel T\u00e9rmico Alto.\"}]},{\"@type\":\"WebSite\",\"@id\":\"https:\/\/www.norahome.es\/#website\",\"url\":\"https:\/\/www.norahome.es\/\",\"name\":\"Nora Home\",\"description\":\"Ropa del Hogar Low Cost\",\"potentialAction\":[{\"@type\":\"SearchAction\",\"target\":{\"@type\":\"EntryPoint\",\"urlTemplate\":\"https:\/\/www.norahome.es\/?s={search_term_string}\"},\"query-input\":{\"@type\":\"PropertyValueSpecification\",\"valueRequired\":true,\"valueName\":\"search_term_string\"}}],\"inLanguage\":\"ca\"}]}<\/script>\n<!-- \/ Yoast SEO plugin. -->","yoast_head_json":{"title":"Relleno N\u00f3rdico Edred\u00f3n OSLO Fibra 400 gr\/m\u00b2. Hipoalerg\u00e9nico. Anti \u00e1caros. Anti bacterias. Nivel T\u00e9rmico Alto. - Nora Home","robots":{"index":"index","follow":"follow","max-snippet":"max-snippet:-1","max-image-preview":"max-image-preview:large","max-video-preview":"max-video-preview:-1"},"canonical":"https:\/\/www.norahome.es\/producto\/relleno-nordico-edredon-oslo-fibra-400-gr-m\u00b2-hipoalergenico-anti-acaros-anti-bacterias-nivel-termico-alto\/","og_locale":"ca_ES","og_type":"article","og_title":"Relleno N\u00f3rdico Edred\u00f3n OSLO Fibra 400 gr\/m\u00b2. Hipoalerg\u00e9nico. Anti \u00e1caros. Anti bacterias. Nivel T\u00e9rmico Alto. - Nora Home","og_description":"Relleno N\u00f3rdico de fibra hueca siliconada en color Blanco. Densidad 400 gr\/m\u00b2. Nivel t\u00e9rmico 4\/5, ideal para oto\u00f1o - invierno. EXTERIOR: 100% microfibra de alta calidad acabado con tacto seda. RELLENO: 100% Fibra hueca siliconada de 400 gr\/m\u00b2 calidad 3D de gran volumen. Transpirable, Tratamiento Anti \u00e1caros, Hipoalerg\u00e9nico, Anti bacterias.","og_url":"https:\/\/www.norahome.es\/producto\/relleno-nordico-edredon-oslo-fibra-400-gr-m\u00b2-hipoalergenico-anti-acaros-anti-bacterias-nivel-termico-alto\/","og_site_name":"Nora Home","article_modified_time":"2026-01-20T07:08:30+00:00","og_image":[{"width":1000,"height":1000,"url":"https:\/\/www.norahome.es\/wp-content\/uploads\/2020\/12\/51Vq17h3YML._AC_SL1000_.jpg","type":"image\/jpeg"}],"twitter_card":"summary_large_image","twitter_misc":{"Temps estimat de lectura":"1 minut"},"schema":{"@context":"https:\/\/schema.org","@graph":[{"@type":"WebPage","@id":"https:\/\/www.norahome.es\/producto\/relleno-nordico-edredon-oslo-fibra-400-gr-m%c2%b2-hipoalergenico-anti-acaros-anti-bacterias-nivel-termico-alto\/","url":"https:\/\/www.norahome.es\/producto\/relleno-nordico-edredon-oslo-fibra-400-gr-m%c2%b2-hipoalergenico-anti-acaros-anti-bacterias-nivel-termico-alto\/","name":"Relleno N\u00f3rdico Edred\u00f3n OSLO Fibra 400 gr\/m\u00b2. Hipoalerg\u00e9nico. Anti \u00e1caros. Anti bacterias. Nivel T\u00e9rmico Alto. - Nora Home","isPartOf":{"@id":"https:\/\/www.norahome.es\/#website"},"primaryImageOfPage":{"@id":"https:\/\/www.norahome.es\/producto\/relleno-nordico-edredon-oslo-fibra-400-gr-m%c2%b2-hipoalergenico-anti-acaros-anti-bacterias-nivel-termico-alto\/#primaryimage"},"image":{"@id":"https:\/\/www.norahome.es\/producto\/relleno-nordico-edredon-oslo-fibra-400-gr-m%c2%b2-hipoalergenico-anti-acaros-anti-bacterias-nivel-termico-alto\/#primaryimage"},"thumbnailUrl":"https:\/\/www.norahome.es\/wp-content\/uploads\/2020\/12\/51Vq17h3YML._AC_SL1000_.jpg","datePublished":"2020-12-12T12:04:33+00:00","dateModified":"2026-01-20T07:08:30+00:00","breadcrumb":{"@id":"https:\/\/www.norahome.es\/producto\/relleno-nordico-edredon-oslo-fibra-400-gr-m%c2%b2-hipoalergenico-anti-acaros-anti-bacterias-nivel-termico-alto\/#breadcrumb"},"inLanguage":"ca","potentialAction":[{"@type":"ReadAction","target":["https:\/\/www.norahome.es\/producto\/relleno-nordico-edredon-oslo-fibra-400-gr-m%c2%b2-hipoalergenico-anti-acaros-anti-bacterias-nivel-termico-alto\/"]}]},{"@type":"ImageObject","inLanguage":"ca","@id":"https:\/\/www.norahome.es\/producto\/relleno-nordico-edredon-oslo-fibra-400-gr-m%c2%b2-hipoalergenico-anti-acaros-anti-bacterias-nivel-termico-alto\/#primaryimage","url":"https:\/\/www.norahome.es\/wp-content\/uploads\/2020\/12\/51Vq17h3YML._AC_SL1000_.jpg","contentUrl":"https:\/\/www.norahome.es\/wp-content\/uploads\/2020\/12\/51Vq17h3YML._AC_SL1000_.jpg","width":1000,"height":1000},{"@type":"BreadcrumbList","@id":"https:\/\/www.norahome.es\/producto\/relleno-nordico-edredon-oslo-fibra-400-gr-m%c2%b2-hipoalergenico-anti-acaros-anti-bacterias-nivel-termico-alto\/#breadcrumb","itemListElement":[{"@type":"ListItem","position":1,"name":"Portada","item":"https:\/\/www.norahome.es\/"},{"@type":"ListItem","position":2,"name":"Shop","item":"https:\/\/www.norahome.es\/ca\/shop\/"},{"@type":"ListItem","position":3,"name":"Relleno N\u00f3rdico Edred\u00f3n OSLO Fibra 400 gr\/m\u00b2. Hipoalerg\u00e9nico. Anti \u00e1caros. Anti bacterias. Nivel T\u00e9rmico Alto."}]},{"@type":"WebSite","@id":"https:\/\/www.norahome.es\/#website","url":"https:\/\/www.norahome.es\/","name":"Nora Home","description":"Ropa del Hogar Low Cost","potentialAction":[{"@type":"SearchAction","target":{"@type":"EntryPoint","urlTemplate":"https:\/\/www.norahome.es\/?s={search_term_string}"},"query-input":{"@type":"PropertyValueSpecification","valueRequired":true,"valueName":"search_term_string"}}],"inLanguage":"ca"}]}},"_links":{"self":[{"href":"https:\/\/www.norahome.es\/ca\/wp-json\/wp\/v2\/product\/1991","targetHints":{"allow":["GET"]}}],"collection":[{"href":"https:\/\/www.norahome.es\/ca\/wp-json\/wp\/v2\/product"}],"about":[{"href":"https:\/\/www.norahome.es\/ca\/wp-json\/wp\/v2\/types\/product"}],"replies":[{"embeddable":true,"href":"https:\/\/www.norahome.es\/ca\/wp-json\/wp\/v2\/comments?post=1991"}],"wp:featuredmedia":[{"embeddable":true,"href":"https:\/\/www.norahome.es\/ca\/wp-json\/wp\/v2\/media\/2073"}],"wp:attachment":[{"href":"https:\/\/www.norahome.es\/ca\/wp-json\/wp\/v2\/media?parent=1991"}],"wp:term":[{"taxonomy":"product_brand","embeddable":true,"href":"https:\/\/www.norahome.es\/ca\/wp-json\/wp\/v2\/product_brand?post=1991"},{"taxonomy":"product_cat","embeddable":true,"href":"https:\/\/www.norahome.es\/ca\/wp-json\/wp\/v2\/product_cat?post=1991"},{"taxonomy":"product_tag","embeddable":true,"href":"https:\/\/www.norahome.es\/ca\/wp-json\/wp\/v2\/product_tag?post=1991"}],"curies":[{"name":"wp","href":"https:\/\/api.w.org\/{rel}","templated":true}]}}